{"id":106,"date":"2024-01-03T14:20:52","date_gmt":"2024-01-03T14:20:52","guid":{"rendered":"https:\/\/themes.templatescoder.com\/sastra-addon\/demo-02\/?page_id=106"},"modified":"2024-10-08T13:41:33","modified_gmt":"2024-10-08T13:41:33","slug":"projelerimiz","status":"publish","type":"page","link":"https:\/\/bmmuhendislik.com\/index.php\/projelerimiz\/","title":{"rendered":"Projelerimiz"},"content":{"rendered":"\t\t<div data-elementor-type=\"wp-page\" data-elementor-id=\"106\" class=\"elementor elementor-106\">\n\t\t\t\t\t\t<section class=\"elementor-section elementor-top-section elementor-element elementor-element-f16f544 elementor-section-boxed elementor-section-height-default elementor-section-height-default tmpcoder-particle-no tmpcoder-sticky-section-no\" data-id=\"f16f544\" data-element_type=\"section\" data-settings=\"{&quot;background_background&quot;:&quot;classic&quot;}\">\n\t\t\t\t\t\t\t<div class=\"elementor-background-overlay\"><\/div>\n\t\t\t\t\t\t\t<div class=\"elementor-container elementor-column-gap-default\">\n\t\t\t\t\t<div class=\"elementor-column elementor-col-100 elementor-top-column elementor-element elementor-element-850ba27 elementor-invisible\" data-id=\"850ba27\" data-element_type=\"column\" data-settings=\"{&quot;animation&quot;:&quot;fadeInUp&quot;}\">\n\t\t\t<div class=\"elementor-widget-wrap elementor-element-populated\">\n\t\t\t\t\t\t<div class=\"elementor-element elementor-element-ae0ec9b elementor-widget elementor-widget-tmpcoder_breadcrumb\" data-id=\"ae0ec9b\" data-element_type=\"widget\" data-widget_type=\"tmpcoder_breadcrumb.default\">\n\t\t\t\t<div class=\"elementor-widget-container\">\n\t\t\t\n        <div class=\"row\">\n            <div class=\"col-md-12\">\n                <div class=\"page-banner\">\n                    <h1 class=\"sub-banner-title yes\">Projelerimiz<\/h1>\n                <\/div>\n            <\/div>\n        <\/div>\n\n        \t\t<\/div>\n\t\t\t\t<\/div>\n\t\t\t\t\t<\/div>\n\t\t<\/div>\n\t\t\t\t\t<\/div>\n\t\t<\/section>\n\t\t\t\t<section class=\"elementor-section elementor-top-section elementor-element elementor-element-452065f elementor-section-boxed elementor-section-height-default elementor-section-height-default tmpcoder-jarallax-no tmpcoder-parallax-no tmpcoder-particle-no tmpcoder-sticky-section-no\" data-id=\"452065f\" data-element_type=\"section\" data-settings=\"{&quot;background_background&quot;:&quot;classic&quot;}\">\n\t\t\t\t\t\t<div class=\"elementor-container elementor-column-gap-default\">\n\t\t\t\t\t<div class=\"elementor-column elementor-col-100 elementor-top-column elementor-element elementor-element-b388d00\" data-id=\"b388d00\" data-element_type=\"column\">\n\t\t\t<div class=\"elementor-widget-wrap elementor-element-populated\">\n\t\t\t\t\t\t<div class=\"elementor-element elementor-element-1865222 tmpcoder-item-styles-wrapper tmpcoder-grid-columns-3 tmpcoder-grid-columns--tablet2 tmpcoder-grid-columns--mobile1 tmpcoder-grid-pagination-center elementor-invisible elementor-widget elementor-widget-tmpcoder-woo-grid\" data-id=\"1865222\" data-element_type=\"widget\" data-settings=\"{&quot;_animation&quot;:&quot;fadeInUp&quot;,&quot;query_selection&quot;:&quot;dynamic&quot;,&quot;query_orderby&quot;:&quot;date&quot;,&quot;layout_select&quot;:&quot;fitRows&quot;,&quot;layout_columns&quot;:3,&quot;layout_columns_tablet&quot;:2,&quot;layout_columns_mobile&quot;:1}\" data-widget_type=\"tmpcoder-woo-grid.default\">\n\t\t\t\t<div class=\"elementor-widget-container\">\n\t\t\t<ul class=\"tmpcoder-grid-filters elementor-clearfix tmpcoder-grid-filters-sep-right\"><li class=\" tmpcoder-pointer-none tmpcoder-pointer-line-fx tmpcoder-pointer-fx-none\"><span data-filter=\"*\" class=\"tmpcoder-active-filter \">T\u00fcm\u00fc<\/span><\/li><li class=\" tmpcoder-pointer-none tmpcoder-pointer-line-fx tmpcoder-pointer-fx-none\"><span data-filter=\".product_cat-insaat\">\u0130n\u015faat<\/span><em class=\"tmpcoder-grid-filters-sep\"><\/em><\/li><li class=\" tmpcoder-pointer-none tmpcoder-pointer-line-fx tmpcoder-pointer-fx-none\"><span data-filter=\".product_cat-montaj-ve-devreye-alma\">Montaj ve Devreye Alma<\/span><em class=\"tmpcoder-grid-filters-sep\"><\/em><\/li><li class=\" tmpcoder-pointer-none tmpcoder-pointer-line-fx tmpcoder-pointer-fx-none\"><span data-filter=\".product_cat-powership\">Powership<\/span><em class=\"tmpcoder-grid-filters-sep\"><\/em><\/li><\/ul><section class=\"tmpcoder-grid elementor-clearfix\" data-settings=\"{&quot;layout&quot;:&quot;fitRows&quot;,&quot;stick_last_element_to_bottom&quot;:&quot;&quot;,&quot;columns_desktop&quot;:3,&quot;gutter_hr&quot;:20,&quot;gutter_hr_mobile&quot;:20,&quot;gutter_hr_mobile_extra&quot;:20,&quot;gutter_hr_tablet&quot;:20,&quot;gutter_hr_tablet_extra&quot;:20,&quot;gutter_hr_laptop&quot;:20,&quot;gutter_hr_widescreen&quot;:20,&quot;gutter_vr&quot;:30,&quot;gutter_vr_mobile&quot;:30,&quot;gutter_vr_mobile_extra&quot;:30,&quot;gutter_vr_tablet&quot;:30,&quot;gutter_vr_tablet_extra&quot;:30,&quot;gutter_vr_laptop&quot;:30,&quot;gutter_vr_widescreen&quot;:30,&quot;animation&quot;:&quot;default&quot;,&quot;animation_duration&quot;:0.3,&quot;animation_delay&quot;:0.1,&quot;deeplinking&quot;:&quot;&quot;,&quot;filters_linkable&quot;:&quot;&quot;,&quot;filters_default_filter&quot;:&quot;&quot;,&quot;filters_count&quot;:&quot;&quot;,&quot;filters_hide_empty&quot;:&quot;no&quot;,&quot;filters_animation&quot;:&quot;default&quot;,&quot;filters_animation_duration&quot;:0.3,&quot;filters_animation_delay&quot;:0.1,&quot;pagination_type&quot;:&quot;load-more&quot;,&quot;pagination_max_pages&quot;:4,&quot;lightbox&quot;:{&quot;selector&quot;:&quot;.tmpcoder-grid-image-wrap&quot;,&quot;iframeMaxWidth&quot;:&quot;60%&quot;,&quot;hash&quot;:false,&quot;autoplay&quot;:&quot;true&quot;,&quot;pause&quot;:5000,&quot;progressBar&quot;:&quot;true&quot;,&quot;counter&quot;:&quot;true&quot;,&quot;controls&quot;:&quot;true&quot;,&quot;getCaptionFromTitleOrAlt&quot;:&quot;true&quot;,&quot;thumbnail&quot;:&quot;&quot;,&quot;showThumbByDefault&quot;:&quot;&quot;,&quot;share&quot;:&quot;&quot;,&quot;zoom&quot;:&quot;true&quot;,&quot;fullScreen&quot;:&quot;true&quot;,&quot;download&quot;:&quot;true&quot;}}\" data-found-posts=\"33\"><article class=\"tmpcoder-grid-item elementor-clearfix post-2278 product type-product status-publish has-post-thumbnail product_cat-insaat first instock shipping-taxable product-type-simple\"><div class=\"tmpcoder-grid-item-inner\"><div class=\"tmpcoder-grid-media-wrap tmpcoder-effect-size-medium \" data-overlay-link=\"yes\"><a target=\"_self\" class=\"tmpcoder-grid-media-link\" href=\"https:\/\/bmmuhendislik.com\/index.php\/\/product\/metro-istanbul-kmm-projesi\/\"><\/a><div class=\"tmpcoder-grid-image-wrap\" data-src=\"https:\/\/bmmuhendislik.com\/wp-content\/uploads\/2024\/10\/page_17_image_1-rotated.jpeg\"  data-img-on-hover=\"\" data-src-secondary=\"\"><img decoding=\"async\" src=\"https:\/\/bmmuhendislik.com\/wp-content\/uploads\/2024\/10\/page_17_image_1-rotated.jpeg\" alt=\"Fulya Y\u0131ld\u0131z \u0130stasyonu\" class=\"tmpcoder-anim-timing-ease-default\"><\/div><div class=\"tmpcoder-grid-media-hover tmpcoder-animation-wrap\"><div class=\"tmpcoder-grid-media-hover-bg  tmpcoder-overlay-fade-in tmpcoder-anim-size-large tmpcoder-anim-timing-ease-default tmpcoder-anim-transparency\" data-url=\"https:\/\/bmmuhendislik.com\/index.php\/\/product\/metro-istanbul-kmm-projesi\/\"><\/div><\/div><\/div><div class=\"tmpcoder-grid-item-below-content elementor-clearfix\"><div class=\"tmpcoder-grid-item-excerpt elementor-repeater-item-bbaa01b tmpcoder-grid-item-display-block tmpcoder-grid-item-align-left\"><div class=\"inner-block\"><p>Fulya Y\u0131ld\u0131z \u0130stasyonu<\/p><\/div><\/div><div class=\"tmpcoder-grid-item-title elementor-repeater-item-27f36e2 tmpcoder-grid-item-display-block tmpcoder-grid-item-align-left tmpcoder-pointer-none tmpcoder-pointer-line-fx tmpcoder-pointer-fx-fade\"><div class=\"inner-block\"><a target=\"_self\"   href=\"https:\/\/bmmuhendislik.com\/index.php\/\/product\/metro-istanbul-kmm-projesi\/\">Fulya Y\u0131ld\u0131z \u0130stasyonu<\/a><\/div><\/div><div class=\"tmpcoder-grid-item-price elementor-repeater-item-8ad0302 tmpcoder-grid-item-display-block tmpcoder-grid-item-align-left\"><div class=\"inner-block\"><span><\/span><\/div><\/div><\/div><\/div><\/article><article class=\"tmpcoder-grid-item elementor-clearfix post-2273 product type-product status-publish has-post-thumbnail product_cat-insaat  instock shipping-taxable product-type-simple\"><div class=\"tmpcoder-grid-item-inner\"><div class=\"tmpcoder-grid-media-wrap tmpcoder-effect-size-medium \" data-overlay-link=\"yes\"><a target=\"_self\" class=\"tmpcoder-grid-media-link\" href=\"https:\/\/bmmuhendislik.com\/index.php\/\/product\/kerbela-al-abbasiye-depo-ve-cevre-duvari-projesi\/\"><\/a><div class=\"tmpcoder-grid-image-wrap\" data-src=\"https:\/\/bmmuhendislik.com\/wp-content\/uploads\/2024\/10\/page_16_image_4.jpeg\"  data-img-on-hover=\"\" data-src-secondary=\"\"><img decoding=\"async\" src=\"https:\/\/bmmuhendislik.com\/wp-content\/uploads\/2024\/10\/page_16_image_4.jpeg\" alt=\"Kerbela Al-Abbasiye Depo ve \u00c7evre Duvar\u0131 Projesi\" class=\"tmpcoder-anim-timing-ease-default\"><\/div><div class=\"tmpcoder-grid-media-hover tmpcoder-animation-wrap\"><div class=\"tmpcoder-grid-media-hover-bg  tmpcoder-overlay-fade-in tmpcoder-anim-size-large tmpcoder-anim-timing-ease-default tmpcoder-anim-transparency\" data-url=\"https:\/\/bmmuhendislik.com\/index.php\/\/product\/kerbela-al-abbasiye-depo-ve-cevre-duvari-projesi\/\"><\/div><\/div><\/div><div class=\"tmpcoder-grid-item-below-content elementor-clearfix\"><div class=\"tmpcoder-grid-item-excerpt elementor-repeater-item-bbaa01b tmpcoder-grid-item-display-block tmpcoder-grid-item-align-left\"><div class=\"inner-block\"><p>Kerbela Al-Abbasiye Depo ve \u00c7evre Duvar\u0131 Projesi<\/p><\/div><\/div><div class=\"tmpcoder-grid-item-title elementor-repeater-item-27f36e2 tmpcoder-grid-item-display-block tmpcoder-grid-item-align-left tmpcoder-pointer-none tmpcoder-pointer-line-fx tmpcoder-pointer-fx-fade\"><div class=\"inner-block\"><a target=\"_self\"   href=\"https:\/\/bmmuhendislik.com\/index.php\/\/product\/kerbela-al-abbasiye-depo-ve-cevre-duvari-projesi\/\">Kerbela Al-Abbasiye Depo ve \u00c7evre Duvar\u0131 Projesi<\/a><\/div><\/div><div class=\"tmpcoder-grid-item-price elementor-repeater-item-8ad0302 tmpcoder-grid-item-display-block tmpcoder-grid-item-align-left\"><div class=\"inner-block\"><span><\/span><\/div><\/div><\/div><\/div><\/article><article class=\"tmpcoder-grid-item elementor-clearfix post-2269 product type-product status-publish has-post-thumbnail product_cat-insaat  instock shipping-taxable product-type-simple\"><div class=\"tmpcoder-grid-item-inner\"><div class=\"tmpcoder-grid-media-wrap tmpcoder-effect-size-medium \" data-overlay-link=\"yes\"><a target=\"_self\" class=\"tmpcoder-grid-media-link\" href=\"https:\/\/bmmuhendislik.com\/index.php\/\/product\/bma-maltepe-projesi\/\"><\/a><div class=\"tmpcoder-grid-image-wrap\" data-src=\"https:\/\/bmmuhendislik.com\/wp-content\/uploads\/2024\/10\/page_15_image_1.jpeg\"  data-img-on-hover=\"\" data-src-secondary=\"\"><img decoding=\"async\" src=\"https:\/\/bmmuhendislik.com\/wp-content\/uploads\/2024\/10\/page_15_image_1.jpeg\" alt=\"BMA Maltepe Projesi\" class=\"tmpcoder-anim-timing-ease-default\"><\/div><div class=\"tmpcoder-grid-media-hover tmpcoder-animation-wrap\"><div class=\"tmpcoder-grid-media-hover-bg  tmpcoder-overlay-fade-in tmpcoder-anim-size-large tmpcoder-anim-timing-ease-default tmpcoder-anim-transparency\" data-url=\"https:\/\/bmmuhendislik.com\/index.php\/\/product\/bma-maltepe-projesi\/\"><\/div><\/div><\/div><div class=\"tmpcoder-grid-item-below-content elementor-clearfix\"><div class=\"tmpcoder-grid-item-excerpt elementor-repeater-item-bbaa01b tmpcoder-grid-item-display-block tmpcoder-grid-item-align-left\"><div class=\"inner-block\"><p>BMA Maltepe Projesi<\/p><\/div><\/div><div class=\"tmpcoder-grid-item-title elementor-repeater-item-27f36e2 tmpcoder-grid-item-display-block tmpcoder-grid-item-align-left tmpcoder-pointer-none tmpcoder-pointer-line-fx tmpcoder-pointer-fx-fade\"><div class=\"inner-block\"><a target=\"_self\"   href=\"https:\/\/bmmuhendislik.com\/index.php\/\/product\/bma-maltepe-projesi\/\">BMA Maltepe Projesi<\/a><\/div><\/div><div class=\"tmpcoder-grid-item-price elementor-repeater-item-8ad0302 tmpcoder-grid-item-display-block tmpcoder-grid-item-align-left\"><div class=\"inner-block\"><span><\/span><\/div><\/div><\/div><\/div><\/article><article class=\"tmpcoder-grid-item elementor-clearfix post-2265 product type-product status-publish has-post-thumbnail product_cat-insaat last instock shipping-taxable product-type-simple\"><div class=\"tmpcoder-grid-item-inner\"><div class=\"tmpcoder-grid-media-wrap tmpcoder-effect-size-medium \" data-overlay-link=\"yes\"><a target=\"_self\" class=\"tmpcoder-grid-media-link\" href=\"https:\/\/bmmuhendislik.com\/index.php\/\/product\/darica-konut-projesi\/\"><\/a><div class=\"tmpcoder-grid-image-wrap\" data-src=\"https:\/\/bmmuhendislik.com\/wp-content\/uploads\/2024\/10\/page_14_image_3.jpeg\"  data-img-on-hover=\"\" data-src-secondary=\"\"><img decoding=\"async\" src=\"https:\/\/bmmuhendislik.com\/wp-content\/uploads\/2024\/10\/page_14_image_3.jpeg\" alt=\"Dar\u0131ca Konut Projesi\" class=\"tmpcoder-anim-timing-ease-default\"><\/div><div class=\"tmpcoder-grid-media-hover tmpcoder-animation-wrap\"><div class=\"tmpcoder-grid-media-hover-bg  tmpcoder-overlay-fade-in tmpcoder-anim-size-large tmpcoder-anim-timing-ease-default tmpcoder-anim-transparency\" data-url=\"https:\/\/bmmuhendislik.com\/index.php\/\/product\/darica-konut-projesi\/\"><\/div><\/div><\/div><div class=\"tmpcoder-grid-item-below-content elementor-clearfix\"><div class=\"tmpcoder-grid-item-excerpt elementor-repeater-item-bbaa01b tmpcoder-grid-item-display-block tmpcoder-grid-item-align-left\"><div class=\"inner-block\"><p>Dar\u0131ca Konut Projesi<\/p><\/div><\/div><div class=\"tmpcoder-grid-item-title elementor-repeater-item-27f36e2 tmpcoder-grid-item-display-block tmpcoder-grid-item-align-left tmpcoder-pointer-none tmpcoder-pointer-line-fx tmpcoder-pointer-fx-fade\"><div class=\"inner-block\"><a target=\"_self\"   href=\"https:\/\/bmmuhendislik.com\/index.php\/\/product\/darica-konut-projesi\/\">Dar\u0131ca Konut Projesi<\/a><\/div><\/div><div class=\"tmpcoder-grid-item-price elementor-repeater-item-8ad0302 tmpcoder-grid-item-display-block tmpcoder-grid-item-align-left\"><div class=\"inner-block\"><span><\/span><\/div><\/div><\/div><\/div><\/article><article class=\"tmpcoder-grid-item elementor-clearfix post-2260 product type-product status-publish has-post-thumbnail product_cat-insaat first instock shipping-taxable product-type-simple\"><div class=\"tmpcoder-grid-item-inner\"><div class=\"tmpcoder-grid-media-wrap tmpcoder-effect-size-medium \" data-overlay-link=\"yes\"><a target=\"_self\" class=\"tmpcoder-grid-media-link\" href=\"https:\/\/bmmuhendislik.com\/index.php\/\/product\/metro-istanbul-kmm1-projesi\/\"><\/a><div class=\"tmpcoder-grid-image-wrap\" data-src=\"https:\/\/bmmuhendislik.com\/wp-content\/uploads\/2024\/10\/page_13_image_3.jpeg\"  data-img-on-hover=\"\" data-src-secondary=\"\"><img decoding=\"async\" src=\"https:\/\/bmmuhendislik.com\/wp-content\/uploads\/2024\/10\/page_13_image_3.jpeg\" alt=\"Metro \u0130stanbul KMM1 Projesi\" class=\"tmpcoder-anim-timing-ease-default\"><\/div><div class=\"tmpcoder-grid-media-hover tmpcoder-animation-wrap\"><div class=\"tmpcoder-grid-media-hover-bg  tmpcoder-overlay-fade-in tmpcoder-anim-size-large tmpcoder-anim-timing-ease-default tmpcoder-anim-transparency\" data-url=\"https:\/\/bmmuhendislik.com\/index.php\/\/product\/metro-istanbul-kmm1-projesi\/\"><\/div><\/div><\/div><div class=\"tmpcoder-grid-item-below-content elementor-clearfix\"><div class=\"tmpcoder-grid-item-excerpt elementor-repeater-item-bbaa01b tmpcoder-grid-item-display-block tmpcoder-grid-item-align-left\"><div class=\"inner-block\"><p>Oru\u00e7 reis \u0130stasyonu Betonarme \u0130\u015fleri<\/p><\/div><\/div><div class=\"tmpcoder-grid-item-title elementor-repeater-item-27f36e2 tmpcoder-grid-item-display-block tmpcoder-grid-item-align-left tmpcoder-pointer-none tmpcoder-pointer-line-fx tmpcoder-pointer-fx-fade\"><div class=\"inner-block\"><a target=\"_self\"   href=\"https:\/\/bmmuhendislik.com\/index.php\/\/product\/metro-istanbul-kmm1-projesi\/\">Metro \u0130stanbul KMM1 Projesi<\/a><\/div><\/div><div class=\"tmpcoder-grid-item-price elementor-repeater-item-8ad0302 tmpcoder-grid-item-display-block tmpcoder-grid-item-align-left\"><div class=\"inner-block\"><span><\/span><\/div><\/div><\/div><\/div><\/article><article class=\"tmpcoder-grid-item elementor-clearfix post-2255 product type-product status-publish has-post-thumbnail product_cat-insaat  instock shipping-taxable product-type-simple\"><div class=\"tmpcoder-grid-item-inner\"><div class=\"tmpcoder-grid-media-wrap tmpcoder-effect-size-medium \" data-overlay-link=\"yes\"><a target=\"_self\" class=\"tmpcoder-grid-media-link\" href=\"https:\/\/bmmuhendislik.com\/index.php\/\/product\/atabe-al-abbasiye-depolari-projesi\/\"><\/a><div class=\"tmpcoder-grid-image-wrap\" data-src=\"https:\/\/bmmuhendislik.com\/wp-content\/uploads\/2024\/10\/page_12_image_1.jpeg\"  data-img-on-hover=\"\" data-src-secondary=\"\"><img decoding=\"async\" src=\"https:\/\/bmmuhendislik.com\/wp-content\/uploads\/2024\/10\/page_12_image_1.jpeg\" alt=\"Atabe Al Abbasiye Depolar\u0131 Projesi\" class=\"tmpcoder-anim-timing-ease-default\"><\/div><div class=\"tmpcoder-grid-media-hover tmpcoder-animation-wrap\"><div class=\"tmpcoder-grid-media-hover-bg  tmpcoder-overlay-fade-in tmpcoder-anim-size-large tmpcoder-anim-timing-ease-default tmpcoder-anim-transparency\" data-url=\"https:\/\/bmmuhendislik.com\/index.php\/\/product\/atabe-al-abbasiye-depolari-projesi\/\"><\/div><\/div><\/div><div class=\"tmpcoder-grid-item-below-content elementor-clearfix\"><div class=\"tmpcoder-grid-item-excerpt elementor-repeater-item-bbaa01b tmpcoder-grid-item-display-block tmpcoder-grid-item-align-left\"><div class=\"inner-block\"><p>Atabe Al Abbasiye Depolar\u0131 Projesi<\/p><\/div><\/div><div class=\"tmpcoder-grid-item-title elementor-repeater-item-27f36e2 tmpcoder-grid-item-display-block tmpcoder-grid-item-align-left tmpcoder-pointer-none tmpcoder-pointer-line-fx tmpcoder-pointer-fx-fade\"><div class=\"inner-block\"><a target=\"_self\"   href=\"https:\/\/bmmuhendislik.com\/index.php\/\/product\/atabe-al-abbasiye-depolari-projesi\/\">Atabe Al Abbasiye Depolar\u0131 Projesi<\/a><\/div><\/div><div class=\"tmpcoder-grid-item-price elementor-repeater-item-8ad0302 tmpcoder-grid-item-display-block tmpcoder-grid-item-align-left\"><div class=\"inner-block\"><span><\/span><\/div><\/div><\/div><\/div><\/article><article class=\"tmpcoder-grid-item elementor-clearfix post-2250 product type-product status-publish has-post-thumbnail product_cat-insaat  instock shipping-taxable product-type-simple\"><div class=\"tmpcoder-grid-item-inner\"><div class=\"tmpcoder-grid-media-wrap tmpcoder-effect-size-medium \" data-overlay-link=\"yes\"><a target=\"_self\" class=\"tmpcoder-grid-media-link\" href=\"https:\/\/bmmuhendislik.com\/index.php\/\/product\/sunset-otel-erbil\/\"><\/a><div class=\"tmpcoder-grid-image-wrap\" data-src=\"https:\/\/bmmuhendislik.com\/wp-content\/uploads\/2024\/10\/page_11_image_4.jpeg\"  data-img-on-hover=\"\" data-src-secondary=\"\"><img decoding=\"async\" src=\"https:\/\/bmmuhendislik.com\/wp-content\/uploads\/2024\/10\/page_11_image_4.jpeg\" alt=\"Sunset Otel Erbil\" class=\"tmpcoder-anim-timing-ease-default\"><\/div><div class=\"tmpcoder-grid-media-hover tmpcoder-animation-wrap\"><div class=\"tmpcoder-grid-media-hover-bg  tmpcoder-overlay-fade-in tmpcoder-anim-size-large tmpcoder-anim-timing-ease-default tmpcoder-anim-transparency\" data-url=\"https:\/\/bmmuhendislik.com\/index.php\/\/product\/sunset-otel-erbil\/\"><\/div><\/div><\/div><div class=\"tmpcoder-grid-item-below-content elementor-clearfix\"><div class=\"tmpcoder-grid-item-excerpt elementor-repeater-item-bbaa01b tmpcoder-grid-item-display-block tmpcoder-grid-item-align-left\"><div class=\"inner-block\"><p>Sunset Otel Erbil<\/p><\/div><\/div><div class=\"tmpcoder-grid-item-title elementor-repeater-item-27f36e2 tmpcoder-grid-item-display-block tmpcoder-grid-item-align-left tmpcoder-pointer-none tmpcoder-pointer-line-fx tmpcoder-pointer-fx-fade\"><div class=\"inner-block\"><a target=\"_self\"   href=\"https:\/\/bmmuhendislik.com\/index.php\/\/product\/sunset-otel-erbil\/\">Sunset Otel Erbil<\/a><\/div><\/div><div class=\"tmpcoder-grid-item-price elementor-repeater-item-8ad0302 tmpcoder-grid-item-display-block tmpcoder-grid-item-align-left\"><div class=\"inner-block\"><span><\/span><\/div><\/div><\/div><\/div><\/article><article class=\"tmpcoder-grid-item elementor-clearfix post-2245 product type-product status-publish has-post-thumbnail product_cat-insaat last instock shipping-taxable product-type-simple\"><div class=\"tmpcoder-grid-item-inner\"><div class=\"tmpcoder-grid-media-wrap tmpcoder-effect-size-medium \" data-overlay-link=\"yes\"><a target=\"_self\" class=\"tmpcoder-grid-media-link\" href=\"https:\/\/bmmuhendislik.com\/index.php\/\/product\/sheik-ahmad-al-waeli-hastanesi\/\"><\/a><div class=\"tmpcoder-grid-image-wrap\" data-src=\"https:\/\/bmmuhendislik.com\/wp-content\/uploads\/2024\/10\/page_10_image_1-rotated.jpeg\"  data-img-on-hover=\"\" data-src-secondary=\"\"><img decoding=\"async\" src=\"https:\/\/bmmuhendislik.com\/wp-content\/uploads\/2024\/10\/page_10_image_1-rotated.jpeg\" alt=\"Sheik Ahmad Al Waeli Hastanesi\" class=\"tmpcoder-anim-timing-ease-default\"><\/div><div class=\"tmpcoder-grid-media-hover tmpcoder-animation-wrap\"><div class=\"tmpcoder-grid-media-hover-bg  tmpcoder-overlay-fade-in tmpcoder-anim-size-large tmpcoder-anim-timing-ease-default tmpcoder-anim-transparency\" data-url=\"https:\/\/bmmuhendislik.com\/index.php\/\/product\/sheik-ahmad-al-waeli-hastanesi\/\"><\/div><\/div><\/div><div class=\"tmpcoder-grid-item-below-content elementor-clearfix\"><div class=\"tmpcoder-grid-item-excerpt elementor-repeater-item-bbaa01b tmpcoder-grid-item-display-block tmpcoder-grid-item-align-left\"><div class=\"inner-block\"><p>Sheik Ahmad Al Waeli Hastanesi<\/p><\/div><\/div><div class=\"tmpcoder-grid-item-title elementor-repeater-item-27f36e2 tmpcoder-grid-item-display-block tmpcoder-grid-item-align-left tmpcoder-pointer-none tmpcoder-pointer-line-fx tmpcoder-pointer-fx-fade\"><div class=\"inner-block\"><a target=\"_self\"   href=\"https:\/\/bmmuhendislik.com\/index.php\/\/product\/sheik-ahmad-al-waeli-hastanesi\/\">Sheik Ahmad Al Waeli Hastanesi<\/a><\/div><\/div><div class=\"tmpcoder-grid-item-price elementor-repeater-item-8ad0302 tmpcoder-grid-item-display-block tmpcoder-grid-item-align-left\"><div class=\"inner-block\"><span><\/span><\/div><\/div><\/div><\/div><\/article><article class=\"tmpcoder-grid-item elementor-clearfix post-2240 product type-product status-publish has-post-thumbnail product_cat-insaat first instock shipping-taxable product-type-simple\"><div class=\"tmpcoder-grid-item-inner\"><div class=\"tmpcoder-grid-media-wrap tmpcoder-effect-size-medium \" data-overlay-link=\"yes\"><a target=\"_self\" class=\"tmpcoder-grid-media-link\" href=\"https:\/\/bmmuhendislik.com\/index.php\/\/product\/erbil-sehitlik-aniti\/\"><\/a><div class=\"tmpcoder-grid-image-wrap\" data-src=\"https:\/\/bmmuhendislik.com\/wp-content\/uploads\/2024\/10\/page_8_image_4.jpeg\"  data-img-on-hover=\"\" data-src-secondary=\"\"><img decoding=\"async\" src=\"https:\/\/bmmuhendislik.com\/wp-content\/uploads\/2024\/10\/page_8_image_4.jpeg\" alt=\"Erbil \u015eehitlik An\u0131t\u0131\" class=\"tmpcoder-anim-timing-ease-default\"><\/div><div class=\"tmpcoder-grid-media-hover tmpcoder-animation-wrap\"><div class=\"tmpcoder-grid-media-hover-bg  tmpcoder-overlay-fade-in tmpcoder-anim-size-large tmpcoder-anim-timing-ease-default tmpcoder-anim-transparency\" data-url=\"https:\/\/bmmuhendislik.com\/index.php\/\/product\/erbil-sehitlik-aniti\/\"><\/div><\/div><\/div><div class=\"tmpcoder-grid-item-below-content elementor-clearfix\"><div class=\"tmpcoder-grid-item-excerpt elementor-repeater-item-bbaa01b tmpcoder-grid-item-display-block tmpcoder-grid-item-align-left\"><div class=\"inner-block\"><p>Erbil \u015eehitlik An\u0131t\u0131<\/p><\/div><\/div><div class=\"tmpcoder-grid-item-title elementor-repeater-item-27f36e2 tmpcoder-grid-item-display-block tmpcoder-grid-item-align-left tmpcoder-pointer-none tmpcoder-pointer-line-fx tmpcoder-pointer-fx-fade\"><div class=\"inner-block\"><a target=\"_self\"   href=\"https:\/\/bmmuhendislik.com\/index.php\/\/product\/erbil-sehitlik-aniti\/\">Erbil \u015eehitlik An\u0131t\u0131<\/a><\/div><\/div><div class=\"tmpcoder-grid-item-price elementor-repeater-item-8ad0302 tmpcoder-grid-item-display-block tmpcoder-grid-item-align-left\"><div class=\"inner-block\"><span><\/span><\/div><\/div><\/div><\/div><\/article><\/section><div class=\"tmpcoder-grid-pagination elementor-clearfix tmpcoder-grid-pagination-load-more\"><a href=\"https:\/\/bmmuhendislik.com\/index.php\/wp-json\/wp\/v2\/pages\/106\/page\/2\/\" class=\"tmpcoder-load-more-btn\" data-e-disable-page-transition>Daha fazla y\u00fckle<\/a><div class=\"tmpcoder-pagination-loading\"><div class=\"tmpcoder-double-bounce\"><div class=\"tmpcoder-child tmpcoder-double-bounce1\"><\/div><div class=\"tmpcoder-child tmpcoder-double-bounce2\"><\/div><\/div><\/div><p class=\"tmpcoder-pagination-finish\">End of Content.<\/p><\/div>\t\t<\/div>\n\t\t\t\t<\/div>\n\t\t\t\t\t<\/div>\n\t\t<\/div>\n\t\t\t\t\t<\/div>\n\t\t<\/section>\n\t\t\t\t<\/div>\n\t\t","protected":false},"excerpt":{"rendered":"<p>Projelerimiz T\u00fcm\u00fc \u0130n\u015faat Montaj ve Devreye Alma Powership Ukranya &#8211; Simferepol Al\u0131\u015fveri\u015f Merkezi Ukranya &#8211; Simferepol Al\u0131\u015fveri\u015f Merkezi ODESA TEKST\u0130L FABR\u0130KASI Odesa Tekstil Fabrikas\u0131 Irak S\u00fcleymaniye Konut Projesi Irak S\u00fcleymaniye Konut Projesi Bosen Kombine \u00c7evrim Santrali Bosen Kombine \u00c7evrim Santrali \u00c7erkezk\u00f6y Kojenerasyon Santrali \u00c7erkezk\u00f6y Kojenerasyon Santrali BTC PROJES\u0130 &#8211; BOTA\u015e PT4 \u0130STASYONU BTC PROJES\u0130 &#8211; [&hellip;]<\/p>\n","protected":false},"author":1,"featured_media":1553,"parent":0,"menu_order":0,"comment_status":"closed","ping_status":"closed","template":"elementor_header_footer","meta":{"footnotes":""},"class_list":["post-106","page","type-page","status-publish","has-post-thumbnail","hentry"],"_links":{"self":[{"href":"https:\/\/bmmuhendislik.com\/index.php\/wp-json\/wp\/v2\/pages\/106","targetHints":{"allow":["GET"]}}],"collection":[{"href":"https:\/\/bmmuhendislik.com\/index.php\/wp-json\/wp\/v2\/pages"}],"about":[{"href":"https:\/\/bmmuhendislik.com\/index.php\/wp-json\/wp\/v2\/types\/page"}],"author":[{"embeddable":true,"href":"https:\/\/bmmuhendislik.com\/index.php\/wp-json\/wp\/v2\/users\/1"}],"replies":[{"embeddable":true,"href":"https:\/\/bmmuhendislik.com\/index.php\/wp-json\/wp\/v2\/comments?post=106"}],"version-history":[{"count":29,"href":"https:\/\/bmmuhendislik.com\/index.php\/wp-json\/wp\/v2\/pages\/106\/revisions"}],"predecessor-version":[{"id":2189,"href":"https:\/\/bmmuhendislik.com\/index.php\/wp-json\/wp\/v2\/pages\/106\/revisions\/2189"}],"wp:featuredmedia":[{"embeddable":true,"href":"https:\/\/bmmuhendislik.com\/index.php\/wp-json\/wp\/v2\/media\/1553"}],"wp:attachment":[{"href":"https:\/\/bmmuhendislik.com\/index.php\/wp-json\/wp\/v2\/media?parent=106"}],"curies":[{"name":"wp","href":"https:\/\/api.w.org\/{rel}","templated":true}]}}